{"id":362,"date":"2023-07-06T12:36:06","date_gmt":"2023-07-06T15:36:06","guid":{"rendered":"https:\/\/passinialvares.com.br\/?page_id=362"},"modified":"2023-07-06T12:36:06","modified_gmt":"2023-07-06T15:36:06","slug":"samantha-alvares","status":"publish","type":"page","link":"https:\/\/passinialvares.com.br\/en\/profissionais\/samantha-alvares\/","title":{"rendered":"Samantha Alvares"},"content":{"rendered":"<p><\/p>\n<div class=\"col-sm-3\"><img fetchpriority=\"high\" decoding=\"async\" class=\"alignnone wp-image-332 size-medium\" src=\"https:\/\/passinialvares.com.br\/wp-content\/uploads\/2023\/07\/Samantha-Alvares-225x300.jpg\" alt=\"Samantha Alvares\" width=\"225\" height=\"300\" srcset=\"https:\/\/passinialvares.com.br\/wp-content\/uploads\/2023\/07\/Samantha-Alvares-225x300.jpg 225w, https:\/\/passinialvares.com.br\/wp-content\/uploads\/2023\/07\/Samantha-Alvares.jpg 300w\" sizes=\"(max-width: 225px) 100vw, 225px\" \/><\/div>\n<div class=\"col-sm-9\">\n<p>Lawyer, completed her undergraduate law degree at University of Sao Paulo in 1998. Earned her Master\u2019s Degree in 2003 and her Doctorate in 2011, both in Civil Procedural Law from S\u00e3o Paulo\u2019s Catholic University (PUC).<\/p>\n<p>Throughout her career, Samantha has specialized in assisting European investors, mainly Italian companies, with an interest in the Brazilian market.<\/p>\n<p>Her legal advice focuses on preparing and negotiating commercial contracts at national and international level, in addition to real estate operations for important international groups in Brazil. Samantha also acts in industrial property cases, involving trademark registration and defense at the administrative level, as well as international technology transfer and license operations.<\/p>\n<p>As a result of her academic background, Samantha also specialized in civil and commercial litigation, with special reference to corporate and commercial litigation.<\/p>\n<p>In 2008, she published the book \u201cA\u00e7\u00e3o de Dissolu\u00e7\u00e3o de Sociedades\u201d (Company Dissolution Lawsuit &#8211; S\u00e3o Paulo, Quartier Latin, 2008). She has also published other articles on procedural law.<\/p>\n<p>With a multidisciplinary view, Samantha adds her academic background to her experience matured in an extremely professional manner, offering clients a broad and harmonious understanding of the cases presented.<\/p>\n<p class=\"color-red strong\">Fluent in Portuguese, English and Italian.<\/p>\n<p class=\"color-red strong\">e-mail: <a href=\"mailto:samantha@passinialvares.com.br\">samantha@passinialvares.com.br<\/a><\/p>\n<\/div>\n<p><\/p>","protected":false},"excerpt":{"rendered":"<p>Lawyer, completed her undergraduate law degree at University of Sao Paulo in 1998. Earned her Master\u2019s Degree in 2003 and her Doctorate in 2011, both in Civil Procedural Law from S\u00e3o Paulo\u2019s Catholic University (PUC). Throughout her career, Samantha has specialized in assisting European investors, mainly Italian companies, with an interest in the Brazilian market. [&hellip;]<\/p>\n","protected":false},"author":2,"featured_media":0,"parent":17,"menu_order":2,"comment_status":"closed","ping_status":"closed","template":"professionals-template.php","meta":{"footnotes":""},"class_list":["post-362","page","type-page","status-publish","hentry"],"_links":{"self":[{"href":"https:\/\/passinialvares.com.br\/en\/wp-json\/wp\/v2\/pages\/362","targetHints":{"allow":["GET"]}}],"collection":[{"href":"https:\/\/passinialvares.com.br\/en\/wp-json\/wp\/v2\/pages"}],"about":[{"href":"https:\/\/passinialvares.com.br\/en\/wp-json\/wp\/v2\/types\/page"}],"author":[{"embeddable":true,"href":"https:\/\/passinialvares.com.br\/en\/wp-json\/wp\/v2\/users\/2"}],"replies":[{"embeddable":true,"href":"https:\/\/passinialvares.com.br\/en\/wp-json\/wp\/v2\/comments?post=362"}],"version-history":[{"count":1,"href":"https:\/\/passinialvares.com.br\/en\/wp-json\/wp\/v2\/pages\/362\/revisions"}],"predecessor-version":[{"id":363,"href":"https:\/\/passinialvares.com.br\/en\/wp-json\/wp\/v2\/pages\/362\/revisions\/363"}],"up":[{"embeddable":true,"href":"https:\/\/passinialvares.com.br\/en\/wp-json\/wp\/v2\/pages\/17"}],"wp:attachment":[{"href":"https:\/\/passinialvares.com.br\/en\/wp-json\/wp\/v2\/media?parent=362"}],"curies":[{"name":"wp","href":"https:\/\/api.w.org\/{rel}","templated":true}]}}