{"id":362,"date":"2023-07-06T12:36:06","date_gmt":"2023-07-06T15:36:06","guid":{"rendered":"https:\/\/passinialvares.com.br\/?page_id=362"},"modified":"2023-07-06T12:36:06","modified_gmt":"2023-07-06T15:36:06","slug":"samantha-alvares","status":"publish","type":"page","link":"https:\/\/passinialvares.com.br\/it\/profissionais\/samantha-alvares\/","title":{"rendered":"Samantha Alvares"},"content":{"rendered":"<p><\/p>\n<div class=\"col-sm-3\"><img fetchpriority=\"high\" decoding=\"async\" class=\"alignnone wp-image-332 size-medium\" src=\"https:\/\/passinialvares.com.br\/wp-content\/uploads\/2023\/07\/Samantha-Alvares-225x300.jpg\" alt=\"Samantha Alvares\" width=\"225\" height=\"300\" srcset=\"https:\/\/passinialvares.com.br\/wp-content\/uploads\/2023\/07\/Samantha-Alvares-225x300.jpg 225w, https:\/\/passinialvares.com.br\/wp-content\/uploads\/2023\/07\/Samantha-Alvares.jpg 300w\" sizes=\"(max-width: 225px) 100vw, 225px\" \/><\/div>\n<div class=\"col-sm-9\">\n<p>Laureata in Giurisprudenza presso l\u2019Universit\u00e0 di S\u00e3o Paulo nel 1998, l\u2019avvocato Alvares ha concluso il Master nel 2003 e il Dottorato di Ricerca nel 2011 in Diritto Processuale Civile presso la Pontificia Universit\u00e0 Cattolica di S\u00e3o Paulo.<\/p>\n<p>Nel corso della sua carriera, l\u2019avvocato Alvares si \u00e8 specializzata nella consulenza legale ad investitori europei, principalmente aziende italiane, interessate al mercato brasiliano.<\/p>\n<p>La sua consulenza si concentra sulla redazione e negoziazione di contratti commerciali a livello nazionale e internazionale, oltre che su operazioni immobiliari per importanti gruppi internazionali in Brasile. L\u2019avvocato Alvares si occupa anche di cause di propriet\u00e0 industriale, che riguardano la registrazione e la difesa di marchi a livello amministrativo e operazioni di trasferimento tecnologico e licenze internazionali.<\/p>\n<p>In virt\u00f9 di sua formazione accademica, l\u2019avvocato Alvares si \u00e8 anche perfezionata nell\u2019area di contenzioso civile e commerciale, specializzandosi in litigi societari e commerciali.<\/p>\n<p>Autrice del libro \u201c<em>A\u00e7\u00e3o de Dissolu\u00e7\u00e3o de Sociedades<\/em> (\u201cAzioni di Scioglimento di Societ\u00e0\u201d) (S\u00e3o Paulo, Quartier Latin, 2008) e di articoli giuridici.<\/p>\n<p>Con una visione multidisciplinare, l\u2019avvocato Alvares aggrega la sua conoscenza accademica all\u2019esperienza maturata in modo estremamente professionale, offrendo ai clienti una comprensione ampia e armonica dei casi presentati.<\/p>\n<p class=\"color-red strong\">Fluente in Portoghese, Inglese e Italiano.<\/p>\n<p class=\"color-red strong\">e-mail: <a href=\"mailto:samantha@passinialvares.com.br\">samantha@passinialvares.com.br<\/a><\/p>\n<\/div>\n<p><\/p>","protected":false},"excerpt":{"rendered":"<p>Laureata in Giurisprudenza presso l\u2019Universit\u00e0 di S\u00e3o Paulo nel 1998, l\u2019avvocato Alvares ha concluso il Master nel 2003 e il Dottorato di Ricerca nel 2011 in Diritto Processuale Civile presso la Pontificia Universit\u00e0 Cattolica di S\u00e3o Paulo. Nel corso della sua carriera, l\u2019avvocato Alvares si \u00e8 specializzata nella consulenza legale ad investitori europei, principalmente aziende [&hellip;]<\/p>\n","protected":false},"author":2,"featured_media":0,"parent":17,"menu_order":2,"comment_status":"closed","ping_status":"closed","template":"professionals-template.php","meta":{"footnotes":""},"class_list":["post-362","page","type-page","status-publish","hentry"],"_links":{"self":[{"href":"https:\/\/passinialvares.com.br\/it\/wp-json\/wp\/v2\/pages\/362","targetHints":{"allow":["GET"]}}],"collection":[{"href":"https:\/\/passinialvares.com.br\/it\/wp-json\/wp\/v2\/pages"}],"about":[{"href":"https:\/\/passinialvares.com.br\/it\/wp-json\/wp\/v2\/types\/page"}],"author":[{"embeddable":true,"href":"https:\/\/passinialvares.com.br\/it\/wp-json\/wp\/v2\/users\/2"}],"replies":[{"embeddable":true,"href":"https:\/\/passinialvares.com.br\/it\/wp-json\/wp\/v2\/comments?post=362"}],"version-history":[{"count":1,"href":"https:\/\/passinialvares.com.br\/it\/wp-json\/wp\/v2\/pages\/362\/revisions"}],"predecessor-version":[{"id":363,"href":"https:\/\/passinialvares.com.br\/it\/wp-json\/wp\/v2\/pages\/362\/revisions\/363"}],"up":[{"embeddable":true,"href":"https:\/\/passinialvares.com.br\/it\/wp-json\/wp\/v2\/pages\/17"}],"wp:attachment":[{"href":"https:\/\/passinialvares.com.br\/it\/wp-json\/wp\/v2\/media?parent=362"}],"curies":[{"name":"wp","href":"https:\/\/api.w.org\/{rel}","templated":true}]}}