{"id":511,"date":"2024-10-10T12:19:15","date_gmt":"2024-10-10T15:19:15","guid":{"rendered":"https:\/\/passinialvares.com.br\/?page_id=511"},"modified":"2024-10-10T12:19:15","modified_gmt":"2024-10-10T15:19:15","slug":"direito-do-consumidor","status":"publish","type":"page","link":"https:\/\/passinialvares.com.br\/it\/areas-de-atuacao\/direito-do-consumidor\/","title":{"rendered":"Diritti dei consumatori"},"content":{"rendered":"<p>Consulenza amministrativa e giudiziale in relazione ai contratti stipulati nell&#8217;ottica dei rapporti di consumo e tenendo conto, soprattutto, delle norme previste dal Codice del Consumo e della loro applicazione nel caso specifico.<\/p>\n<p>Affrontiamo le esigenze nell&#8217;ambito delle relazioni con i consumatori in modo multidisciplinare e individualizzato. Redazione, revisione e negoziazione di contratti con i consumatori; rappresentanza attiva e passiva in cause individuali e collettive che richiedono conoscenze specifiche in materia di consumo; orientamento ai produttori e i fornitori di prodotti e servizi su migliori politiche di servizio clienti, sull&#8217;offerta di pratiche e indicazioni su come fare pubblicit\u00e0 con la prevenzione delle pratiche considerate abusive.<\/p>\n<p>Forniamo consulenza alle aziende estere in relazione alle specificit\u00e0 delle leggi che regolano la responsabilit\u00e0 civile (responsabilit\u00e0 da prodotto), i diritti dei consumatori e le regole imposte dalle agenzie di regolamentazione nei vari settori di attivit\u00e0.<\/p>\n<p>Nonostante la nostra esperienza nel contenzioso, l&#8217;obiettivo del nostro lavoro \u00e8 prevenire il contenzioso, motivo per cui offriamo un lavoro consultivo basato su una guida preventiva, mediazione e negoziazione tra le parti.<\/p>","protected":false},"excerpt":{"rendered":"<p>Consulenza amministrativa e giudiziale in relazione ai contratti stipulati nell&#8217;ottica dei rapporti di consumo e tenendo conto, soprattutto, delle norme previste dal Codice del Consumo e della loro applicazione nel caso specifico. Affrontiamo le esigenze nell&#8217;ambito delle relazioni con i consumatori in modo multidisciplinare e individualizzato. Redazione, revisione e negoziazione di contratti con i consumatori; [&hellip;]<\/p>\n","protected":false},"author":2,"featured_media":179,"parent":9,"menu_order":0,"comment_status":"closed","ping_status":"closed","template":"expertise-area-template.php","meta":{"footnotes":""},"class_list":["post-511","page","type-page","status-publish","has-post-thumbnail","hentry"],"_links":{"self":[{"href":"https:\/\/passinialvares.com.br\/it\/wp-json\/wp\/v2\/pages\/511","targetHints":{"allow":["GET"]}}],"collection":[{"href":"https:\/\/passinialvares.com.br\/it\/wp-json\/wp\/v2\/pages"}],"about":[{"href":"https:\/\/passinialvares.com.br\/it\/wp-json\/wp\/v2\/types\/page"}],"author":[{"embeddable":true,"href":"https:\/\/passinialvares.com.br\/it\/wp-json\/wp\/v2\/users\/2"}],"replies":[{"embeddable":true,"href":"https:\/\/passinialvares.com.br\/it\/wp-json\/wp\/v2\/comments?post=511"}],"version-history":[{"count":1,"href":"https:\/\/passinialvares.com.br\/it\/wp-json\/wp\/v2\/pages\/511\/revisions"}],"predecessor-version":[{"id":512,"href":"https:\/\/passinialvares.com.br\/it\/wp-json\/wp\/v2\/pages\/511\/revisions\/512"}],"up":[{"embeddable":true,"href":"https:\/\/passinialvares.com.br\/it\/wp-json\/wp\/v2\/pages\/9"}],"wp:featuredmedia":[{"embeddable":true,"href":"https:\/\/passinialvares.com.br\/it\/wp-json\/wp\/v2\/media\/179"}],"wp:attachment":[{"href":"https:\/\/passinialvares.com.br\/it\/wp-json\/wp\/v2\/media?parent=511"}],"curies":[{"name":"wp","href":"https:\/\/api.w.org\/{rel}","templated":true}]}}